{"id":36,"date":"2020-10-24T17:43:07","date_gmt":"2020-10-24T15:43:07","guid":{"rendered":"http:\/\/codirel-cm.com\/?page_id=36"},"modified":"2020-11-03T12:08:11","modified_gmt":"2020-11-03T11:08:11","slug":"a-propos","status":"publish","type":"page","link":"https:\/\/codirel-cm.com\/index.php\/a-propos\/","title":{"rendered":"A propos"},"content":{"rendered":"<h2>PRESENTATION DE L&rsquo;ENTREPRISE<\/h2>\n<h3>\n\t\t\t\t\tQui est CODIREL?<br \/>\n\t\t\t\t<\/h3>\n<p>CODIREL CAMEROUN est une soci\u00e9t\u00e9 de Distribution et de R\u00e9alisations \u00e9lectriques implant\u00e9e \u00e0 Douala depuis 1982, situ\u00e9e \u00e0 AKWA, rue Castelnau. C\u2019 est une filiale du groupe fran\u00e7ais S.H.P.C.I bas\u00e9 au HAVRE (France). Elle fait partie int\u00e9grante du tissu industriel et commercial du Cameroun depuis de nombreuses ann\u00e9es. <\/p>\n<h3>\n\t\t\t\t\tQue fait CODIREL?<br \/>\n\t\t\t\t<\/h3>\n<p>Outre les installations habituelles, CODIREL CAMEROUN est particuli\u00e8rement comp\u00e9tent en environnement industriel et hostile (plateformes p\u00e9troli\u00e8res, industries produisant de la chaleur). CODIREL assure la r\u00e9alisation d\u2019audits des installations \u00e9lectriques domestiques, bureautiques, industrielles.<\/p>\n<h3>\n\t\t\t\t\tType de mat\u00e9riels?<br \/>\n\t\t\t\t<\/h3>\n<p>Elle ne distribue que du mat\u00e9riel de grande qualit\u00e9 pour assurer la plus grande s\u00e9curit\u00e9 des installations \u00e9lectriques et d\u00e9tient des accords de distribution du mat\u00e9riel \u00e9lectrique HT-MT-BT&nbsp;avec les plus grandes marques. CODIREL r\u00e9alise les installations \u00e9lectriques et le c\u00e2blage des tableaux \u00e9lectriques dans tous les environnements.<\/p>\n<figure><img src=\"http:\/\/codirel-cm.com\/wp-content\/uploads\/2020\/10\/logo-1-150x150.png\" alt=\"logo\" \/><\/figure>\n<figure><img src=\"http:\/\/codirel-cm.com\/wp-content\/uploads\/2020\/10\/nexams-150x150.png\" alt=\"nexams\" \/><\/figure>\n<figure><img src=\"http:\/\/codirel-cm.com\/wp-content\/uploads\/2020\/10\/logo-schnierder-150x150.jpg\" alt=\"logo schnierder\" \/><\/figure>\n<figure><img src=\"http:\/\/codirel-cm.com\/wp-content\/uploads\/2020\/10\/logo-cahors-150x150.png\" alt=\"logo-cahors\" \/><\/figure>\n<figure><img src=\"http:\/\/codirel-cm.com\/wp-content\/uploads\/2020\/10\/LOGO-1-150x150.jpg\" alt=\"LOGO\" \/><\/figure>\n<figure><img src=\"http:\/\/codirel-cm.com\/wp-content\/uploads\/2020\/10\/1200px-Logo_Legrand.svg-150x150.png\" alt=\"1200px-Logo_Legrand.svg\" \/><\/figure>\n<figure><img src=\"http:\/\/codirel-cm.com\/wp-content\/uploads\/2020\/10\/LOGO-150x150.jpg\" alt=\"LOGO\" \/><\/figure>\n<figure><img src=\"http:\/\/codirel-cm.com\/wp-content\/uploads\/2020\/10\/ensemble-logos-150x150.png\" alt=\"ensemble logos\" \/><\/figure>\n<figure><img src=\"\" alt=\"\" \/><\/figure>\n<figure><img src=\"http:\/\/codirel-cm.com\/wp-content\/uploads\/2020\/10\/logo-retis-150x150.jpg\" alt=\"logo retis\" \/><\/figure>\n<figure><img src=\"http:\/\/codirel-cm.com\/wp-content\/uploads\/2020\/10\/logo-marcont-150x150.png\" alt=\"logo marcont\" \/><\/figure>\n<figure><img src=\"http:\/\/codirel-cm.com\/wp-content\/uploads\/2020\/10\/logo-michaud-150x150.jpg\" alt=\"logo michaud\" \/><\/figure>\n<figure><img src=\"http:\/\/codirel-cm.com\/wp-content\/uploads\/2020\/10\/logo-energie-150x76.png\" alt=\"logo energie\" \/><\/figure>\n<figure><img src=\"http:\/\/codirel-cm.com\/wp-content\/uploads\/2020\/10\/logo-catu_sicame-150x150.png\" alt=\"logo catu_sicame\" \/><\/figure>\n<figure><img src=\"http:\/\/codirel-cm.com\/wp-content\/uploads\/2020\/10\/logo-cablerie-150x150.png\" alt=\"logo cablerie\" \/><\/figure>\n<p>\t\t\t\t\t\tPr\u00e9c\u00e9dent<br \/>\n\t\t\t\t\t\tSuivant<\/p>\n","protected":false},"excerpt":{"rendered":"<p>PRESENTATION DE L&rsquo;ENTREPRISE Qui est CODIREL? CODIREL CAMEROUN est une soci\u00e9t\u00e9 de Distribution et de R\u00e9alisations \u00e9lectriques implant\u00e9e \u00e0 Douala depuis 1982, situ\u00e9e \u00e0 AKWA, rue Castelnau. C\u2019 est une filiale du groupe fran\u00e7ais S.H.P.C.I bas\u00e9 au HAVRE (France). Elle fait partie int\u00e9grante du tissu industriel et commercial du Cameroun depuis de nombreuses ann\u00e9es. Que &#8230; <a title=\"A propos\" class=\"read-more\" href=\"https:\/\/codirel-cm.com\/index.php\/a-propos\/\" aria-label=\"En savoir plus sur A propos\">Lire la suite<\/a><\/p>\n","protected":false},"author":1,"featured_media":0,"parent":0,"menu_order":1,"comment_status":"closed","ping_status":"closed","template":"","meta":[],"_links":{"self":[{"href":"https:\/\/codirel-cm.com\/index.php\/wp-json\/wp\/v2\/pages\/36"}],"collection":[{"href":"https:\/\/codirel-cm.com\/index.php\/wp-json\/wp\/v2\/pages"}],"about":[{"href":"https:\/\/codirel-cm.com\/index.php\/wp-json\/wp\/v2\/types\/page"}],"author":[{"embeddable":true,"href":"https:\/\/codirel-cm.com\/index.php\/wp-json\/wp\/v2\/users\/1"}],"replies":[{"embeddable":true,"href":"https:\/\/codirel-cm.com\/index.php\/wp-json\/wp\/v2\/comments?post=36"}],"version-history":[{"count":25,"href":"https:\/\/codirel-cm.com\/index.php\/wp-json\/wp\/v2\/pages\/36\/revisions"}],"predecessor-version":[{"id":781,"href":"https:\/\/codirel-cm.com\/index.php\/wp-json\/wp\/v2\/pages\/36\/revisions\/781"}],"wp:attachment":[{"href":"https:\/\/codirel-cm.com\/index.php\/wp-json\/wp\/v2\/media?parent=36"}],"curies":[{"name":"wp","href":"https:\/\/api.w.org\/{rel}","templated":true}]}}